{"id":18,"date":"2025-04-01T09:38:43","date_gmt":"2025-04-01T05:38:43","guid":{"rendered":"https:\/\/lorvert.re\/?page_id=18"},"modified":"2025-04-01T12:45:15","modified_gmt":"2025-04-01T08:45:15","slug":"accueil","status":"publish","type":"page","link":"https:\/\/lorvert.re\/","title":{"rendered":"ACCUEIL"},"content":{"rendered":"\t\t<div data-elementor-type=\"wp-post\" data-elementor-id=\"18\" class=\"elementor elementor-18\" data-elementor-post-type=\"page\">\n\t\t\t\t<div class=\"elementor-element elementor-element-cbd0916 e-flex e-con-boxed e-con e-parent\" data-id=\"cbd0916\" data-element_type=\"container\">\n\t\t\t\t\t<div class=\"e-con-inner\">\n\t\t\t\t<div class=\"elementor-element elementor-element-c6df867 elementor-blockquote--skin-quotation elementor-blockquote--align-center elementor-blockquote--button-color-official elementor-widget elementor-widget-blockquote\" data-id=\"c6df867\" data-element_type=\"widget\" data-widget_type=\"blockquote.default\">\n\t\t\t\t<div class=\"elementor-widget-container\">\n\t\t\t\t\t\t\t<blockquote class=\"elementor-blockquote\">\n\t\t\t<p class=\"elementor-blockquote__content\">\n\t\t\t\tLa plan\u00e8te occupe une place centrale dans notre vision de l'agriculture et guide nos actions quotidiennes.\n<br><br>\nC'est pourquoi <b>L'OR VERT <\/b>propose des produits sains, cultiv\u00e9s sans aucun pesticides ni herbicides, gr\u00e2ce \u00e0 l\u2019engagement responsable de nos agriculteurs partenaires.\n<br><br>\n<b>Nos produits CBD sont d\u2019origine France, certifi\u00e9s BIO et 100 % artisanaux<\/b>.\t\t\t<\/p>\n\t\t\t\t\t\t\t<div class=\"e-q-footer\">\n\t\t\t\t\t\t\t\t\t\t\t<cite class=\"elementor-blockquote__author\">L'or Vert CBD<\/cite>\n\t\t\t\t\t\t\t\t\t\t\t\t\t\t<\/div>\n\t\t\t\t\t<\/blockquote>\n\t\t\t\t\t\t<\/div>\n\t\t\t\t<\/div>\n\t\t\t\t\t<\/div>\n\t\t\t\t<\/div>\n\t\t\t\t<\/div>\n\t\t","protected":false},"excerpt":{"rendered":"<p>La plan\u00e8te occupe une place centrale dans notre vision de l&rsquo;agriculture et guide nos actions quotidiennes. C&rsquo;est pourquoi L&rsquo;OR VERT propose des produits sains, cultiv\u00e9s sans aucun pesticides ni herbicides, gr\u00e2ce \u00e0 l\u2019engagement responsable de nos agriculteurs partenaires. Nos produits CBD sont d\u2019origine France, certifi\u00e9s BIO et 100 % artisanaux. L&rsquo;or Vert CBD<\/p>\n","protected":false},"author":1,"featured_media":0,"parent":0,"menu_order":0,"comment_status":"closed","ping_status":"closed","template":"","meta":{"_kadence_starter_templates_imported_post":false,"_kad_post_transparent":"","_kad_post_title":"hide","_kad_post_layout":"fullwidth","_kad_post_sidebar_id":"","_kad_post_content_style":"unboxed","_kad_post_vertical_padding":"hide","_kad_post_feature":"hide","_kad_post_feature_position":"","_kad_post_header":false,"_kad_post_footer":false,"footnotes":""},"class_list":["post-18","page","type-page","status-publish","hentry"],"_links":{"self":[{"href":"https:\/\/lorvert.re\/index.php\/wp-json\/wp\/v2\/pages\/18","targetHints":{"allow":["GET"]}}],"collection":[{"href":"https:\/\/lorvert.re\/index.php\/wp-json\/wp\/v2\/pages"}],"about":[{"href":"https:\/\/lorvert.re\/index.php\/wp-json\/wp\/v2\/types\/page"}],"author":[{"embeddable":true,"href":"https:\/\/lorvert.re\/index.php\/wp-json\/wp\/v2\/users\/1"}],"replies":[{"embeddable":true,"href":"https:\/\/lorvert.re\/index.php\/wp-json\/wp\/v2\/comments?post=18"}],"version-history":[{"count":43,"href":"https:\/\/lorvert.re\/index.php\/wp-json\/wp\/v2\/pages\/18\/revisions"}],"predecessor-version":[{"id":72,"href":"https:\/\/lorvert.re\/index.php\/wp-json\/wp\/v2\/pages\/18\/revisions\/72"}],"wp:attachment":[{"href":"https:\/\/lorvert.re\/index.php\/wp-json\/wp\/v2\/media?parent=18"}],"curies":[{"name":"wp","href":"https:\/\/api.w.org\/{rel}","templated":true}]}}